{"id":408,"date":"2021-08-25T17:59:54","date_gmt":"2021-08-25T15:59:54","guid":{"rendered":"http:\/\/fvdpswj.cluster031.hosting.ovh.net\/?page_id=408"},"modified":"2025-07-31T09:04:06","modified_gmt":"2025-07-31T07:04:06","slug":"contactez-nous","status":"publish","type":"page","link":"https:\/\/www.taxinimes.fr\/index.php\/contactez-nous\/","title":{"rendered":"Contactez-nous"},"content":{"rendered":"\t\t<div data-elementor-type=\"wp-page\" data-elementor-id=\"408\" class=\"elementor elementor-408\">\n\t\t\t\t\t\t<section class=\"elementor-section elementor-top-section elementor-element elementor-element-6ad2593 elementor-section-boxed elementor-section-height-default elementor-section-height-default\" data-id=\"6ad2593\" data-element_type=\"section\">\n\t\t\t\t\t\t<div class=\"elementor-container elementor-column-gap-default\">\n\t\t\t\t\t<div class=\"elementor-column elementor-col-100 elementor-top-column elementor-element elementor-element-b47dcb7\" data-id=\"b47dcb7\" data-element_type=\"column\">\n\t\t\t<div class=\"elementor-widget-wrap\">\n\t\t\t\t\t\t\t<\/div>\n\t\t<\/div>\n\t\t\t\t\t<\/div>\n\t\t<\/section>\n\t\t\t\t<section class=\"elementor-section elementor-top-section elementor-element elementor-element-d92b38 elementor-section-boxed elementor-section-height-default elementor-section-height-default\" data-id=\"d92b38\" data-element_type=\"section\" data-settings=\"{&quot;background_background&quot;:&quot;classic&quot;}\">\n\t\t\t\t\t\t\t<div class=\"elementor-background-overlay\"><\/div>\n\t\t\t\t\t\t\t<div class=\"elementor-container elementor-column-gap-default\">\n\t\t\t\t\t<div class=\"elementor-column elementor-col-100 elementor-top-column elementor-element elementor-element-2eeb518a\" data-id=\"2eeb518a\" data-element_type=\"column\">\n\t\t\t<div class=\"elementor-widget-wrap elementor-element-populated\">\n\t\t\t\t\t\t<div class=\"elementor-element elementor-element-436ef258 elementor-invisible elementor-widget elementor-widget-heading\" data-id=\"436ef258\" data-element_type=\"widget\" data-settings=\"{&quot;_animation&quot;:&quot;fadeInUp&quot;}\" data-widget_type=\"heading.default\">\n\t\t\t\t<div class=\"elementor-widget-container\">\n\t\t\t<style>\/*! elementor - v3.23.0 - 15-07-2024 *\/\n.elementor-heading-title{padding:0;margin:0;line-height:1}.elementor-widget-heading .elementor-heading-title[class*=elementor-size-]>a{color:inherit;font-size:inherit;line-height:inherit}.elementor-widget-heading .elementor-heading-title.elementor-size-small{font-size:15px}.elementor-widget-heading .elementor-heading-title.elementor-size-medium{font-size:19px}.elementor-widget-heading .elementor-heading-title.elementor-size-large{font-size:29px}.elementor-widget-heading .elementor-heading-title.elementor-size-xl{font-size:39px}.elementor-widget-heading .elementor-heading-title.elementor-size-xxl{font-size:59px}<\/style><h2 class=\"elementor-heading-title elementor-size-default\">Contact<\/h2>\t\t<\/div>\n\t\t\t\t<\/div>\n\t\t\t\t\t<\/div>\n\t\t<\/div>\n\t\t\t\t\t<\/div>\n\t\t<\/section>\n\t\t\t\t<section class=\"elementor-section elementor-top-section elementor-element elementor-element-6f18ad85 elementor-section-boxed elementor-section-height-default elementor-section-height-default\" data-id=\"6f18ad85\" data-element_type=\"section\">\n\t\t\t\t\t\t<div class=\"elementor-container elementor-column-gap-default\">\n\t\t\t\t\t<div class=\"elementor-column elementor-col-33 elementor-top-column elementor-element elementor-element-57282ba8 elementor-invisible\" data-id=\"57282ba8\" data-element_type=\"column\" data-settings=\"{&quot;animation&quot;:&quot;fadeInUp&quot;}\">\n\t\t\t<div class=\"elementor-widget-wrap elementor-element-populated\">\n\t\t\t\t\t\t<div class=\"elementor-element elementor-element-2d158a50 elementor-widget elementor-widget-image\" data-id=\"2d158a50\" data-element_type=\"widget\" data-widget_type=\"image.default\">\n\t\t\t\t<div class=\"elementor-widget-container\">\n\t\t\t<style>\/*! elementor - v3.23.0 - 15-07-2024 *\/\n.elementor-widget-image{text-align:center}.elementor-widget-image a{display:inline-block}.elementor-widget-image a img[src$=\".svg\"]{width:48px}.elementor-widget-image img{vertical-align:middle;display:inline-block}<\/style>\t\t\t\t\t\t\t\t\t\t<img fetchpriority=\"high\" decoding=\"async\" width=\"580\" height=\"580\" src=\"https:\/\/www.taxinimes.fr\/wp-content\/uploads\/2021\/08\/Sans-titre-159rede22z-1024x1024.jpg\" class=\"attachment-large size-large wp-image-166\" alt=\"\" srcset=\"https:\/\/www.taxinimes.fr\/wp-content\/uploads\/2021\/08\/Sans-titre-159rede22z-1024x1024.jpg 1024w, https:\/\/www.taxinimes.fr\/wp-content\/uploads\/2021\/08\/Sans-titre-159rede22z-300x300.jpg 300w, https:\/\/www.taxinimes.fr\/wp-content\/uploads\/2021\/08\/Sans-titre-159rede22z-150x150.jpg 150w, https:\/\/www.taxinimes.fr\/wp-content\/uploads\/2021\/08\/Sans-titre-159rede22z-768x768.jpg 768w, https:\/\/www.taxinimes.fr\/wp-content\/uploads\/2021\/08\/Sans-titre-159rede22z-1200x1200.jpg 1200w, https:\/\/www.taxinimes.fr\/wp-content\/uploads\/2021\/08\/Sans-titre-159rede22z.jpg 1500w\" sizes=\"(max-width: 580px) 100vw, 580px\" \/>\t\t\t\t\t\t\t\t\t\t\t\t\t<\/div>\n\t\t\t\t<\/div>\n\t\t\t\t<div class=\"elementor-element elementor-element-5054b6ab elementor-widget elementor-widget-heading\" data-id=\"5054b6ab\" data-element_type=\"widget\" data-widget_type=\"heading.default\">\n\t\t\t\t<div class=\"elementor-widget-container\">\n\t\t\t<h3 class=\"elementor-heading-title elementor-size-default\">Adresse<\/h3>\t\t<\/div>\n\t\t\t\t<\/div>\n\t\t\t\t<div class=\"elementor-element elementor-element-5e7a6dc0 elementor-widget elementor-widget-text-editor\" data-id=\"5e7a6dc0\" data-element_type=\"widget\" data-widget_type=\"text-editor.default\">\n\t\t\t\t<div class=\"elementor-widget-container\">\n\t\t\t<style>\/*! elementor - v3.23.0 - 15-07-2024 *\/\n.elementor-widget-text-editor.elementor-drop-cap-view-stacked .elementor-drop-cap{background-color:#69727d;color:#fff}.elementor-widget-text-editor.elementor-drop-cap-view-framed .elementor-drop-cap{color:#69727d;border:3px solid;background-color:transparent}.elementor-widget-text-editor:not(.elementor-drop-cap-view-default) .elementor-drop-cap{margin-top:8px}.elementor-widget-text-editor:not(.elementor-drop-cap-view-default) .elementor-drop-cap-letter{width:1em;height:1em}.elementor-widget-text-editor .elementor-drop-cap{float:left;text-align:center;line-height:1;font-size:50px}.elementor-widget-text-editor .elementor-drop-cap-letter{display:inline-block}<\/style>\t\t\t\t<p>19 avenue Feuch\u00e8res &#8211; 30 000 N\u00eemes<\/p>\t\t\t\t\t\t<\/div>\n\t\t\t\t<\/div>\n\t\t\t\t\t<\/div>\n\t\t<\/div>\n\t\t\t\t<div class=\"elementor-column elementor-col-33 elementor-top-column elementor-element elementor-element-29067187 elementor-invisible\" data-id=\"29067187\" data-element_type=\"column\" data-settings=\"{&quot;animation&quot;:&quot;fadeInUp&quot;,&quot;animation_delay&quot;:200}\">\n\t\t\t<div class=\"elementor-widget-wrap elementor-element-populated\">\n\t\t\t\t\t\t<div class=\"elementor-element elementor-element-7a5bd291 elementor-widget elementor-widget-image\" data-id=\"7a5bd291\" data-element_type=\"widget\" data-widget_type=\"image.default\">\n\t\t\t\t<div class=\"elementor-widget-container\">\n\t\t\t\t\t\t\t\t\t\t\t\t\t<img decoding=\"async\" width=\"580\" height=\"580\" src=\"https:\/\/www.taxinimes.fr\/wp-content\/uploads\/2021\/08\/Sans-titre-159desq-1024x1024.jpg\" class=\"attachment-large size-large wp-image-127\" alt=\"\" srcset=\"https:\/\/www.taxinimes.fr\/wp-content\/uploads\/2021\/08\/Sans-titre-159desq-1024x1024.jpg 1024w, https:\/\/www.taxinimes.fr\/wp-content\/uploads\/2021\/08\/Sans-titre-159desq-300x300.jpg 300w, https:\/\/www.taxinimes.fr\/wp-content\/uploads\/2021\/08\/Sans-titre-159desq-150x150.jpg 150w, https:\/\/www.taxinimes.fr\/wp-content\/uploads\/2021\/08\/Sans-titre-159desq-768x768.jpg 768w, https:\/\/www.taxinimes.fr\/wp-content\/uploads\/2021\/08\/Sans-titre-159desq-1200x1200.jpg 1200w, https:\/\/www.taxinimes.fr\/wp-content\/uploads\/2021\/08\/Sans-titre-159desq.jpg 1500w\" sizes=\"(max-width: 580px) 100vw, 580px\" \/>\t\t\t\t\t\t\t\t\t\t\t\t\t<\/div>\n\t\t\t\t<\/div>\n\t\t\t\t<div class=\"elementor-element elementor-element-6768a5e elementor-widget elementor-widget-heading\" data-id=\"6768a5e\" data-element_type=\"widget\" data-widget_type=\"heading.default\">\n\t\t\t\t<div class=\"elementor-widget-container\">\n\t\t\t<h2 class=\"elementor-heading-title elementor-size-default\">T\u00e9l\u00e9phone<\/h2>\t\t<\/div>\n\t\t\t\t<\/div>\n\t\t\t\t<div class=\"elementor-element elementor-element-5acda469 elementor-widget elementor-widget-text-editor\" data-id=\"5acda469\" data-element_type=\"widget\" data-widget_type=\"text-editor.default\">\n\t\t\t\t<div class=\"elementor-widget-container\">\n\t\t\t\t\t\t\t<p><a href=\"tel:+33466294011\">04 66 29 40 11<\/a><\/p>\t\t\t\t\t\t<\/div>\n\t\t\t\t<\/div>\n\t\t\t\t\t<\/div>\n\t\t<\/div>\n\t\t\t\t<div class=\"elementor-column elementor-col-33 elementor-top-column elementor-element elementor-element-5f0b28c8 elementor-invisible\" data-id=\"5f0b28c8\" data-element_type=\"column\" data-settings=\"{&quot;animation&quot;:&quot;fadeInUp&quot;,&quot;animation_delay&quot;:400}\">\n\t\t\t<div class=\"elementor-widget-wrap elementor-element-populated\">\n\t\t\t\t\t\t<div class=\"elementor-element elementor-element-3d579a0e elementor-widget elementor-widget-image\" data-id=\"3d579a0e\" data-element_type=\"widget\" data-widget_type=\"image.default\">\n\t\t\t\t<div class=\"elementor-widget-container\">\n\t\t\t\t\t\t\t\t\t\t\t\t\t<img decoding=\"async\" width=\"580\" height=\"580\" src=\"https:\/\/www.taxinimes.fr\/wp-content\/uploads\/2021\/08\/Sans-titre-159fds-1024x1024.jpg\" class=\"attachment-large size-large wp-image-519\" alt=\"\" srcset=\"https:\/\/www.taxinimes.fr\/wp-content\/uploads\/2021\/08\/Sans-titre-159fds-1024x1024.jpg 1024w, https:\/\/www.taxinimes.fr\/wp-content\/uploads\/2021\/08\/Sans-titre-159fds-300x300.jpg 300w, https:\/\/www.taxinimes.fr\/wp-content\/uploads\/2021\/08\/Sans-titre-159fds-150x150.jpg 150w, https:\/\/www.taxinimes.fr\/wp-content\/uploads\/2021\/08\/Sans-titre-159fds-768x768.jpg 768w, https:\/\/www.taxinimes.fr\/wp-content\/uploads\/2021\/08\/Sans-titre-159fds-1200x1200.jpg 1200w, https:\/\/www.taxinimes.fr\/wp-content\/uploads\/2021\/08\/Sans-titre-159fds.jpg 1500w\" sizes=\"(max-width: 580px) 100vw, 580px\" \/>\t\t\t\t\t\t\t\t\t\t\t\t\t<\/div>\n\t\t\t\t<\/div>\n\t\t\t\t<div class=\"elementor-element elementor-element-3bb84a77 elementor-widget elementor-widget-heading\" data-id=\"3bb84a77\" data-element_type=\"widget\" data-widget_type=\"heading.default\">\n\t\t\t\t<div class=\"elementor-widget-container\">\n\t\t\t<h3 class=\"elementor-heading-title elementor-size-default\">Email<\/h3>\t\t<\/div>\n\t\t\t\t<\/div>\n\t\t\t\t<div class=\"elementor-element elementor-element-4691eac0 elementor-widget elementor-widget-text-editor\" data-id=\"4691eac0\" data-element_type=\"widget\" data-widget_type=\"text-editor.default\">\n\t\t\t\t<div class=\"elementor-widget-container\">\n\t\t\t\t\t\t\t<p><a href=\"mailto:taxidenimes@taxitran.fr\">taxidenimes@taxitran.fr<\/a><\/p>\t\t\t\t\t\t<\/div>\n\t\t\t\t<\/div>\n\t\t\t\t\t<\/div>\n\t\t<\/div>\n\t\t\t\t\t<\/div>\n\t\t<\/section>\n\t\t\t\t<section class=\"elementor-section elementor-top-section elementor-element elementor-element-3f901b94 elementor-section-boxed elementor-section-height-default elementor-section-height-default\" data-id=\"3f901b94\" data-element_type=\"section\" data-settings=\"{&quot;background_background&quot;:&quot;classic&quot;}\">\n\t\t\t\t\t\t\t<div class=\"elementor-background-overlay\"><\/div>\n\t\t\t\t\t\t\t<div class=\"elementor-container elementor-column-gap-default\">\n\t\t\t\t\t<div class=\"elementor-column elementor-col-100 elementor-top-column elementor-element elementor-element-6b512bb5\" data-id=\"6b512bb5\" data-element_type=\"column\">\n\t\t\t<div class=\"elementor-widget-wrap elementor-element-populated\">\n\t\t\t\t\t\t<div class=\"elementor-element elementor-element-65b4583e elementor-invisible elementor-widget elementor-widget-heading\" data-id=\"65b4583e\" data-element_type=\"widget\" data-settings=\"{&quot;_animation&quot;:&quot;fadeInUp&quot;,&quot;_animation_delay&quot;:200}\" data-widget_type=\"heading.default\">\n\t\t\t\t<div class=\"elementor-widget-container\">\n\t\t\t<h2 class=\"elementor-heading-title elementor-size-default\">R\u00e9servez votre taxi d\u00e8s maintenant :<\/h2>\t\t<\/div>\n\t\t\t\t<\/div>\n\t\t\t\t\t<\/div>\n\t\t<\/div>\n\t\t\t\t\t<\/div>\n\t\t<\/section>\n\t\t\t\t<section class=\"elementor-section elementor-top-section elementor-element elementor-element-22e9f59e elementor-section-full_width elementor-section-height-default elementor-section-height-default\" data-id=\"22e9f59e\" data-element_type=\"section\">\n\t\t\t\t\t\t<div class=\"elementor-container elementor-column-gap-default\">\n\t\t\t\t\t<div class=\"elementor-column elementor-col-100 elementor-top-column elementor-element elementor-element-b8bc7f2\" data-id=\"b8bc7f2\" data-element_type=\"column\">\n\t\t\t<div class=\"elementor-widget-wrap elementor-element-populated\">\n\t\t\t\t\t\t<div class=\"elementor-element elementor-element-16d9e81e elementor-widget elementor-widget-google_maps\" data-id=\"16d9e81e\" data-element_type=\"widget\" data-widget_type=\"google_maps.default\">\n\t\t\t\t<div class=\"elementor-widget-container\">\n\t\t\t<style>\/*! elementor - v3.23.0 - 15-07-2024 *\/\n.elementor-widget-google_maps .elementor-widget-container{overflow:hidden}.elementor-widget-google_maps .elementor-custom-embed{line-height:0}.elementor-widget-google_maps iframe{height:300px}<\/style>\t\t<div class=\"elementor-custom-embed\">\n\t\t\t<iframe loading=\"lazy\"\n\t\t\t\t\tsrc=\"https:\/\/maps.google.com\/maps?q=19%20avenue%20Feuch%C3%A8res%20-%2030%20000%20N%C3%AEmes&#038;t=m&#038;z=12&#038;output=embed&#038;iwloc=near\"\n\t\t\t\t\ttitle=\"19 avenue Feuch\u00e8res - 30 000 N\u00eemes\"\n\t\t\t\t\taria-label=\"19 avenue Feuch\u00e8res - 30 000 N\u00eemes\"\n\t\t\t><\/iframe>\n\t\t<\/div>\n\t\t\t\t<\/div>\n\t\t\t\t<\/div>\n\t\t\t\t\t<\/div>\n\t\t<\/div>\n\t\t\t\t\t<\/div>\n\t\t<\/section>\n\t\t\t\t<\/div>\n\t\t","protected":false},"excerpt":{"rendered":"<p>Contact Adresse 19 avenue Feuch\u00e8res &#8211; 30 000 N\u00eemes T\u00e9l\u00e9phone 04 66 29 40 11 Email taxidenimes@taxitran.fr R\u00e9servez votre taxi d\u00e8s maintenant :<\/p>\n","protected":false},"author":2,"featured_media":0,"parent":0,"menu_order":0,"comment_status":"closed","ping_status":"closed","template":"elementor_header_footer","meta":{"footnotes":""},"yoast_head":"<!-- This site is optimized with the Yoast SEO plugin v23.0 - https:\/\/yoast.com\/wordpress\/plugins\/seo\/ -->\n<title>Contactez-nous - Taxi Radio Artisan N\u00eemois<\/title>\n<meta name=\"description\" content=\"Pour tout renseignement contactez-nous pour devis ou autres. La TRAN reste pr\u00e9s de vous pour tout d\u00e9placement ou course.\" \/>\n<meta name=\"robots\" content=\"index, follow, max-snippet:-1, max-image-preview:large, max-video-preview:-1\" \/>\n<link rel=\"canonical\" href=\"https:\/\/www.taxinimes.fr\/index.php\/contactez-nous\/\" \/>\n<meta property=\"og:locale\" content=\"fr_FR\" \/>\n<meta property=\"og:type\" content=\"article\" \/>\n<meta property=\"og:title\" content=\"Contactez-nous - Taxi Radio Artisan N\u00eemois\" \/>\n<meta property=\"og:description\" content=\"Pour tout renseignement contactez-nous pour devis ou autres. La TRAN reste pr\u00e9s de vous pour tout d\u00e9placement ou course.\" \/>\n<meta property=\"og:url\" content=\"https:\/\/www.taxinimes.fr\/index.php\/contactez-nous\/\" \/>\n<meta property=\"og:site_name\" content=\"Taxi N\u00eemes\" \/>\n<meta property=\"article:modified_time\" content=\"2025-07-31T07:04:06+00:00\" \/>\n<meta property=\"og:image\" content=\"https:\/\/www.taxinimes.fr\/wp-content\/uploads\/2021\/08\/Sans-titre-159rede22z-1024x1024.jpg\" \/>\n<script type=\"application\/ld+json\" class=\"yoast-schema-graph\">{\"@context\":\"https:\/\/schema.org\",\"@graph\":[{\"@type\":\"WebPage\",\"@id\":\"https:\/\/www.taxinimes.fr\/index.php\/contactez-nous\/\",\"url\":\"https:\/\/www.taxinimes.fr\/index.php\/contactez-nous\/\",\"name\":\"Contactez-nous - Taxi Radio Artisan N\u00eemois\",\"isPartOf\":{\"@id\":\"https:\/\/www.taxinimes.fr\/#website\"},\"primaryImageOfPage\":{\"@id\":\"https:\/\/www.taxinimes.fr\/index.php\/contactez-nous\/#primaryimage\"},\"image\":{\"@id\":\"https:\/\/www.taxinimes.fr\/index.php\/contactez-nous\/#primaryimage\"},\"thumbnailUrl\":\"https:\/\/www.taxinimes.fr\/wp-content\/uploads\/2021\/08\/Sans-titre-159rede22z-1024x1024.jpg\",\"datePublished\":\"2021-08-25T15:59:54+00:00\",\"dateModified\":\"2025-07-31T07:04:06+00:00\",\"description\":\"Pour tout renseignement contactez-nous pour devis ou autres. La TRAN reste pr\u00e9s de vous pour tout d\u00e9placement ou course.\",\"breadcrumb\":{\"@id\":\"https:\/\/www.taxinimes.fr\/index.php\/contactez-nous\/#breadcrumb\"},\"inLanguage\":\"fr-FR\",\"potentialAction\":[{\"@type\":\"ReadAction\",\"target\":[\"https:\/\/www.taxinimes.fr\/index.php\/contactez-nous\/\"]}]},{\"@type\":\"ImageObject\",\"inLanguage\":\"fr-FR\",\"@id\":\"https:\/\/www.taxinimes.fr\/index.php\/contactez-nous\/#primaryimage\",\"url\":\"https:\/\/www.taxinimes.fr\/wp-content\/uploads\/2021\/08\/Sans-titre-159rede22z.jpg\",\"contentUrl\":\"https:\/\/www.taxinimes.fr\/wp-content\/uploads\/2021\/08\/Sans-titre-159rede22z.jpg\",\"width\":1500,\"height\":1500},{\"@type\":\"BreadcrumbList\",\"@id\":\"https:\/\/www.taxinimes.fr\/index.php\/contactez-nous\/#breadcrumb\",\"itemListElement\":[{\"@type\":\"ListItem\",\"position\":1,\"name\":\"Accueil\",\"item\":\"https:\/\/www.taxinimes.fr\/\"},{\"@type\":\"ListItem\",\"position\":2,\"name\":\"Contactez-nous\"}]},{\"@type\":\"WebSite\",\"@id\":\"https:\/\/www.taxinimes.fr\/#website\",\"url\":\"https:\/\/www.taxinimes.fr\/\",\"name\":\"Taxi N\u00eemes\",\"description\":\"Taxi Radio Artisans N\u00eemois\",\"publisher\":{\"@id\":\"https:\/\/www.taxinimes.fr\/#organization\"},\"potentialAction\":[{\"@type\":\"SearchAction\",\"target\":{\"@type\":\"EntryPoint\",\"urlTemplate\":\"https:\/\/www.taxinimes.fr\/?s={search_term_string}\"},\"query-input\":\"required name=search_term_string\"}],\"inLanguage\":\"fr-FR\"},{\"@type\":\"Organization\",\"@id\":\"https:\/\/www.taxinimes.fr\/#organization\",\"name\":\"Taxi N\u00eemes\",\"url\":\"https:\/\/www.taxinimes.fr\/\",\"logo\":{\"@type\":\"ImageObject\",\"inLanguage\":\"fr-FR\",\"@id\":\"https:\/\/www.taxinimes.fr\/#\/schema\/logo\/image\/\",\"url\":\"https:\/\/www.taxinimes.fr\/wp-content\/uploads\/2021\/11\/cropped-Logo-Taxi-Ni\u0302mes-blancfez.png\",\"contentUrl\":\"https:\/\/www.taxinimes.fr\/wp-content\/uploads\/2021\/11\/cropped-Logo-Taxi-Ni\u0302mes-blancfez.png\",\"width\":866,\"height\":200,\"caption\":\"Taxi N\u00eemes\"},\"image\":{\"@id\":\"https:\/\/www.taxinimes.fr\/#\/schema\/logo\/image\/\"}}]}<\/script>\n<!-- \/ Yoast SEO plugin. -->","yoast_head_json":{"title":"Contactez-nous - Taxi Radio Artisan N\u00eemois","description":"Pour tout renseignement contactez-nous pour devis ou autres. La TRAN reste pr\u00e9s de vous pour tout d\u00e9placement ou course.","robots":{"index":"index","follow":"follow","max-snippet":"max-snippet:-1","max-image-preview":"max-image-preview:large","max-video-preview":"max-video-preview:-1"},"canonical":"https:\/\/www.taxinimes.fr\/index.php\/contactez-nous\/","og_locale":"fr_FR","og_type":"article","og_title":"Contactez-nous - Taxi Radio Artisan N\u00eemois","og_description":"Pour tout renseignement contactez-nous pour devis ou autres. La TRAN reste pr\u00e9s de vous pour tout d\u00e9placement ou course.","og_url":"https:\/\/www.taxinimes.fr\/index.php\/contactez-nous\/","og_site_name":"Taxi N\u00eemes","article_modified_time":"2025-07-31T07:04:06+00:00","og_image":[{"url":"https:\/\/www.taxinimes.fr\/wp-content\/uploads\/2021\/08\/Sans-titre-159rede22z-1024x1024.jpg"}],"schema":{"@context":"https:\/\/schema.org","@graph":[{"@type":"WebPage","@id":"https:\/\/www.taxinimes.fr\/index.php\/contactez-nous\/","url":"https:\/\/www.taxinimes.fr\/index.php\/contactez-nous\/","name":"Contactez-nous - Taxi Radio Artisan N\u00eemois","isPartOf":{"@id":"https:\/\/www.taxinimes.fr\/#website"},"primaryImageOfPage":{"@id":"https:\/\/www.taxinimes.fr\/index.php\/contactez-nous\/#primaryimage"},"image":{"@id":"https:\/\/www.taxinimes.fr\/index.php\/contactez-nous\/#primaryimage"},"thumbnailUrl":"https:\/\/www.taxinimes.fr\/wp-content\/uploads\/2021\/08\/Sans-titre-159rede22z-1024x1024.jpg","datePublished":"2021-08-25T15:59:54+00:00","dateModified":"2025-07-31T07:04:06+00:00","description":"Pour tout renseignement contactez-nous pour devis ou autres. La TRAN reste pr\u00e9s de vous pour tout d\u00e9placement ou course.","breadcrumb":{"@id":"https:\/\/www.taxinimes.fr\/index.php\/contactez-nous\/#breadcrumb"},"inLanguage":"fr-FR","potentialAction":[{"@type":"ReadAction","target":["https:\/\/www.taxinimes.fr\/index.php\/contactez-nous\/"]}]},{"@type":"ImageObject","inLanguage":"fr-FR","@id":"https:\/\/www.taxinimes.fr\/index.php\/contactez-nous\/#primaryimage","url":"https:\/\/www.taxinimes.fr\/wp-content\/uploads\/2021\/08\/Sans-titre-159rede22z.jpg","contentUrl":"https:\/\/www.taxinimes.fr\/wp-content\/uploads\/2021\/08\/Sans-titre-159rede22z.jpg","width":1500,"height":1500},{"@type":"BreadcrumbList","@id":"https:\/\/www.taxinimes.fr\/index.php\/contactez-nous\/#breadcrumb","itemListElement":[{"@type":"ListItem","position":1,"name":"Accueil","item":"https:\/\/www.taxinimes.fr\/"},{"@type":"ListItem","position":2,"name":"Contactez-nous"}]},{"@type":"WebSite","@id":"https:\/\/www.taxinimes.fr\/#website","url":"https:\/\/www.taxinimes.fr\/","name":"Taxi N\u00eemes","description":"Taxi Radio Artisans N\u00eemois","publisher":{"@id":"https:\/\/www.taxinimes.fr\/#organization"},"potentialAction":[{"@type":"SearchAction","target":{"@type":"EntryPoint","urlTemplate":"https:\/\/www.taxinimes.fr\/?s={search_term_string}"},"query-input":"required name=search_term_string"}],"inLanguage":"fr-FR"},{"@type":"Organization","@id":"https:\/\/www.taxinimes.fr\/#organization","name":"Taxi N\u00eemes","url":"https:\/\/www.taxinimes.fr\/","logo":{"@type":"ImageObject","inLanguage":"fr-FR","@id":"https:\/\/www.taxinimes.fr\/#\/schema\/logo\/image\/","url":"https:\/\/www.taxinimes.fr\/wp-content\/uploads\/2021\/11\/cropped-Logo-Taxi-Ni\u0302mes-blancfez.png","contentUrl":"https:\/\/www.taxinimes.fr\/wp-content\/uploads\/2021\/11\/cropped-Logo-Taxi-Ni\u0302mes-blancfez.png","width":866,"height":200,"caption":"Taxi N\u00eemes"},"image":{"@id":"https:\/\/www.taxinimes.fr\/#\/schema\/logo\/image\/"}}]}},"_links":{"self":[{"href":"https:\/\/www.taxinimes.fr\/index.php\/wp-json\/wp\/v2\/pages\/408"}],"collection":[{"href":"https:\/\/www.taxinimes.fr\/index.php\/wp-json\/wp\/v2\/pages"}],"about":[{"href":"https:\/\/www.taxinimes.fr\/index.php\/wp-json\/wp\/v2\/types\/page"}],"author":[{"embeddable":true,"href":"https:\/\/www.taxinimes.fr\/index.php\/wp-json\/wp\/v2\/users\/2"}],"replies":[{"embeddable":true,"href":"https:\/\/www.taxinimes.fr\/index.php\/wp-json\/wp\/v2\/comments?post=408"}],"version-history":[{"count":12,"href":"https:\/\/www.taxinimes.fr\/index.php\/wp-json\/wp\/v2\/pages\/408\/revisions"}],"predecessor-version":[{"id":1432,"href":"https:\/\/www.taxinimes.fr\/index.php\/wp-json\/wp\/v2\/pages\/408\/revisions\/1432"}],"wp:attachment":[{"href":"https:\/\/www.taxinimes.fr\/index.php\/wp-json\/wp\/v2\/media?parent=408"}],"curies":[{"name":"wp","href":"https:\/\/api.w.org\/{rel}","templated":true}]}}