{"id":318,"date":"2021-08-25T12:51:16","date_gmt":"2021-08-25T10:51:16","guid":{"rendered":"http:\/\/fvdpswj.cluster031.hosting.ovh.net\/?page_id=318"},"modified":"2024-07-16T16:23:49","modified_gmt":"2024-07-16T14:23:49","slug":"transport-de-colis-et-assistance","status":"publish","type":"page","link":"https:\/\/www.taxinimes.fr\/index.php\/transport-de-colis-et-assistance\/","title":{"rendered":"Transport de colis et assistance"},"content":{"rendered":"\t\t<div data-elementor-type=\"wp-page\" data-elementor-id=\"318\" class=\"elementor elementor-318\">\n\t\t\t\t\t\t<section class=\"elementor-section elementor-top-section elementor-element elementor-element-500c2c75 elementor-section-boxed elementor-section-height-default elementor-section-height-default\" data-id=\"500c2c75\" data-element_type=\"section\" data-settings=\"{&quot;background_background&quot;:&quot;classic&quot;}\">\n\t\t\t\t\t\t\t<div class=\"elementor-background-overlay\"><\/div>\n\t\t\t\t\t\t\t<div class=\"elementor-container elementor-column-gap-default\">\n\t\t\t\t\t<div class=\"elementor-column elementor-col-100 elementor-top-column elementor-element elementor-element-7a5a65b2\" data-id=\"7a5a65b2\" data-element_type=\"column\">\n\t\t\t<div class=\"elementor-widget-wrap\">\n\t\t\t\t\t\t\t<\/div>\n\t\t<\/div>\n\t\t\t\t\t<\/div>\n\t\t<\/section>\n\t\t\t\t<section class=\"elementor-section elementor-top-section elementor-element elementor-element-2b796bc1 elementor-section-boxed elementor-section-height-default elementor-section-height-default\" data-id=\"2b796bc1\" data-element_type=\"section\" data-settings=\"{&quot;background_background&quot;:&quot;classic&quot;}\">\n\t\t\t\t\t\t\t<div class=\"elementor-background-overlay\"><\/div>\n\t\t\t\t\t\t\t<div class=\"elementor-container elementor-column-gap-default\">\n\t\t\t\t\t<div class=\"elementor-column elementor-col-100 elementor-top-column elementor-element elementor-element-65e18400\" data-id=\"65e18400\" data-element_type=\"column\">\n\t\t\t<div class=\"elementor-widget-wrap elementor-element-populated\">\n\t\t\t\t\t\t<div class=\"elementor-element elementor-element-d508303 elementor-invisible elementor-widget elementor-widget-heading\" data-id=\"d508303\" data-element_type=\"widget\" data-settings=\"{&quot;_animation&quot;:&quot;fadeInUp&quot;,&quot;_animation_delay&quot;:200}\" data-widget_type=\"heading.default\">\n\t\t\t\t<div class=\"elementor-widget-container\">\n\t\t\t<style>\/*! elementor - v3.23.0 - 15-07-2024 *\/\n.elementor-heading-title{padding:0;margin:0;line-height:1}.elementor-widget-heading .elementor-heading-title[class*=elementor-size-]>a{color:inherit;font-size:inherit;line-height:inherit}.elementor-widget-heading .elementor-heading-title.elementor-size-small{font-size:15px}.elementor-widget-heading .elementor-heading-title.elementor-size-medium{font-size:19px}.elementor-widget-heading .elementor-heading-title.elementor-size-large{font-size:29px}.elementor-widget-heading .elementor-heading-title.elementor-size-xl{font-size:39px}.elementor-widget-heading .elementor-heading-title.elementor-size-xxl{font-size:59px}<\/style><h2 class=\"elementor-heading-title elementor-size-default\">Transport de colis<\/h2>\t\t<\/div>\n\t\t\t\t<\/div>\n\t\t\t\t<div class=\"elementor-element elementor-element-09dce83 elementor-widget elementor-widget-text-editor\" data-id=\"09dce83\" data-element_type=\"widget\" data-widget_type=\"text-editor.default\">\n\t\t\t\t<div class=\"elementor-widget-container\">\n\t\t\t<style>\/*! elementor - v3.23.0 - 15-07-2024 *\/\n.elementor-widget-text-editor.elementor-drop-cap-view-stacked .elementor-drop-cap{background-color:#69727d;color:#fff}.elementor-widget-text-editor.elementor-drop-cap-view-framed .elementor-drop-cap{color:#69727d;border:3px solid;background-color:transparent}.elementor-widget-text-editor:not(.elementor-drop-cap-view-default) .elementor-drop-cap{margin-top:8px}.elementor-widget-text-editor:not(.elementor-drop-cap-view-default) .elementor-drop-cap-letter{width:1em;height:1em}.elementor-widget-text-editor .elementor-drop-cap{float:left;text-align:center;line-height:1;font-size:50px}.elementor-widget-text-editor .elementor-drop-cap-letter{display:inline-block}<\/style>\t\t\t\t<p>Les taxis TRAN mettent \u00e0 votre disposition plusieurs types de v\u00e9hicules climatis\u00e9s pour le transport le mieux adapt\u00e9 de vos colis :<\/p><p>Berline, Break, Monospace 6 places&#8230;<\/p>\t\t\t\t\t\t<\/div>\n\t\t\t\t<\/div>\n\t\t\t\t\t<\/div>\n\t\t<\/div>\n\t\t\t\t\t<\/div>\n\t\t<\/section>\n\t\t\t\t<\/div>\n\t\t","protected":false},"excerpt":{"rendered":"<p>Transport de colis Les taxis TRAN mettent \u00e0 votre disposition plusieurs types de v\u00e9hicules climatis\u00e9s pour le transport le mieux adapt\u00e9 de vos colis : Berline, Break, Monospace 6 places&#8230;<\/p>\n","protected":false},"author":2,"featured_media":0,"parent":0,"menu_order":0,"comment_status":"closed","ping_status":"closed","template":"elementor_header_footer","meta":{"footnotes":""},"yoast_head":"<!-- This site is optimized with the Yoast SEO plugin v23.0 - https:\/\/yoast.com\/wordpress\/plugins\/seo\/ -->\n<title>Transport de colis et assistance - Taxi N\u00eemes<\/title>\n<meta name=\"robots\" content=\"index, follow, max-snippet:-1, max-image-preview:large, max-video-preview:-1\" \/>\n<link rel=\"canonical\" href=\"https:\/\/www.taxinimes.fr\/index.php\/transport-de-colis-et-assistance\/\" \/>\n<meta property=\"og:locale\" content=\"fr_FR\" \/>\n<meta property=\"og:type\" content=\"article\" \/>\n<meta property=\"og:title\" content=\"Transport de colis et assistance - Taxi N\u00eemes\" \/>\n<meta property=\"og:description\" content=\"Transport de colis Les taxis TRAN mettent \u00e0 votre disposition plusieurs types de v\u00e9hicules climatis\u00e9s pour le transport le mieux adapt\u00e9 de vos colis : Berline, Break, Monospace 6 places&#8230;\" \/>\n<meta property=\"og:url\" content=\"https:\/\/www.taxinimes.fr\/index.php\/transport-de-colis-et-assistance\/\" \/>\n<meta property=\"og:site_name\" content=\"Taxi N\u00eemes\" \/>\n<meta property=\"article:modified_time\" content=\"2024-07-16T14:23:49+00:00\" \/>\n<script type=\"application\/ld+json\" class=\"yoast-schema-graph\">{\"@context\":\"https:\/\/schema.org\",\"@graph\":[{\"@type\":\"WebPage\",\"@id\":\"https:\/\/www.taxinimes.fr\/index.php\/transport-de-colis-et-assistance\/\",\"url\":\"https:\/\/www.taxinimes.fr\/index.php\/transport-de-colis-et-assistance\/\",\"name\":\"Transport de colis et assistance - Taxi N\u00eemes\",\"isPartOf\":{\"@id\":\"https:\/\/www.taxinimes.fr\/#website\"},\"datePublished\":\"2021-08-25T10:51:16+00:00\",\"dateModified\":\"2024-07-16T14:23:49+00:00\",\"breadcrumb\":{\"@id\":\"https:\/\/www.taxinimes.fr\/index.php\/transport-de-colis-et-assistance\/#breadcrumb\"},\"inLanguage\":\"fr-FR\",\"potentialAction\":[{\"@type\":\"ReadAction\",\"target\":[\"https:\/\/www.taxinimes.fr\/index.php\/transport-de-colis-et-assistance\/\"]}]},{\"@type\":\"BreadcrumbList\",\"@id\":\"https:\/\/www.taxinimes.fr\/index.php\/transport-de-colis-et-assistance\/#breadcrumb\",\"itemListElement\":[{\"@type\":\"ListItem\",\"position\":1,\"name\":\"Accueil\",\"item\":\"https:\/\/www.taxinimes.fr\/\"},{\"@type\":\"ListItem\",\"position\":2,\"name\":\"Transport de colis et assistance\"}]},{\"@type\":\"WebSite\",\"@id\":\"https:\/\/www.taxinimes.fr\/#website\",\"url\":\"https:\/\/www.taxinimes.fr\/\",\"name\":\"Taxi N\u00eemes\",\"description\":\"Taxi Radio Artisans N\u00eemois\",\"publisher\":{\"@id\":\"https:\/\/www.taxinimes.fr\/#organization\"},\"potentialAction\":[{\"@type\":\"SearchAction\",\"target\":{\"@type\":\"EntryPoint\",\"urlTemplate\":\"https:\/\/www.taxinimes.fr\/?s={search_term_string}\"},\"query-input\":\"required name=search_term_string\"}],\"inLanguage\":\"fr-FR\"},{\"@type\":\"Organization\",\"@id\":\"https:\/\/www.taxinimes.fr\/#organization\",\"name\":\"Taxi N\u00eemes\",\"url\":\"https:\/\/www.taxinimes.fr\/\",\"logo\":{\"@type\":\"ImageObject\",\"inLanguage\":\"fr-FR\",\"@id\":\"https:\/\/www.taxinimes.fr\/#\/schema\/logo\/image\/\",\"url\":\"https:\/\/www.taxinimes.fr\/wp-content\/uploads\/2021\/11\/cropped-Logo-Taxi-Ni\u0302mes-blancfez.png\",\"contentUrl\":\"https:\/\/www.taxinimes.fr\/wp-content\/uploads\/2021\/11\/cropped-Logo-Taxi-Ni\u0302mes-blancfez.png\",\"width\":866,\"height\":200,\"caption\":\"Taxi N\u00eemes\"},\"image\":{\"@id\":\"https:\/\/www.taxinimes.fr\/#\/schema\/logo\/image\/\"}}]}<\/script>\n<!-- \/ Yoast SEO plugin. -->","yoast_head_json":{"title":"Transport de colis et assistance - Taxi N\u00eemes","robots":{"index":"index","follow":"follow","max-snippet":"max-snippet:-1","max-image-preview":"max-image-preview:large","max-video-preview":"max-video-preview:-1"},"canonical":"https:\/\/www.taxinimes.fr\/index.php\/transport-de-colis-et-assistance\/","og_locale":"fr_FR","og_type":"article","og_title":"Transport de colis et assistance - Taxi N\u00eemes","og_description":"Transport de colis Les taxis TRAN mettent \u00e0 votre disposition plusieurs types de v\u00e9hicules climatis\u00e9s pour le transport le mieux adapt\u00e9 de vos colis : Berline, Break, Monospace 6 places&#8230;","og_url":"https:\/\/www.taxinimes.fr\/index.php\/transport-de-colis-et-assistance\/","og_site_name":"Taxi N\u00eemes","article_modified_time":"2024-07-16T14:23:49+00:00","schema":{"@context":"https:\/\/schema.org","@graph":[{"@type":"WebPage","@id":"https:\/\/www.taxinimes.fr\/index.php\/transport-de-colis-et-assistance\/","url":"https:\/\/www.taxinimes.fr\/index.php\/transport-de-colis-et-assistance\/","name":"Transport de colis et assistance - Taxi N\u00eemes","isPartOf":{"@id":"https:\/\/www.taxinimes.fr\/#website"},"datePublished":"2021-08-25T10:51:16+00:00","dateModified":"2024-07-16T14:23:49+00:00","breadcrumb":{"@id":"https:\/\/www.taxinimes.fr\/index.php\/transport-de-colis-et-assistance\/#breadcrumb"},"inLanguage":"fr-FR","potentialAction":[{"@type":"ReadAction","target":["https:\/\/www.taxinimes.fr\/index.php\/transport-de-colis-et-assistance\/"]}]},{"@type":"BreadcrumbList","@id":"https:\/\/www.taxinimes.fr\/index.php\/transport-de-colis-et-assistance\/#breadcrumb","itemListElement":[{"@type":"ListItem","position":1,"name":"Accueil","item":"https:\/\/www.taxinimes.fr\/"},{"@type":"ListItem","position":2,"name":"Transport de colis et assistance"}]},{"@type":"WebSite","@id":"https:\/\/www.taxinimes.fr\/#website","url":"https:\/\/www.taxinimes.fr\/","name":"Taxi N\u00eemes","description":"Taxi Radio Artisans N\u00eemois","publisher":{"@id":"https:\/\/www.taxinimes.fr\/#organization"},"potentialAction":[{"@type":"SearchAction","target":{"@type":"EntryPoint","urlTemplate":"https:\/\/www.taxinimes.fr\/?s={search_term_string}"},"query-input":"required name=search_term_string"}],"inLanguage":"fr-FR"},{"@type":"Organization","@id":"https:\/\/www.taxinimes.fr\/#organization","name":"Taxi N\u00eemes","url":"https:\/\/www.taxinimes.fr\/","logo":{"@type":"ImageObject","inLanguage":"fr-FR","@id":"https:\/\/www.taxinimes.fr\/#\/schema\/logo\/image\/","url":"https:\/\/www.taxinimes.fr\/wp-content\/uploads\/2021\/11\/cropped-Logo-Taxi-Ni\u0302mes-blancfez.png","contentUrl":"https:\/\/www.taxinimes.fr\/wp-content\/uploads\/2021\/11\/cropped-Logo-Taxi-Ni\u0302mes-blancfez.png","width":866,"height":200,"caption":"Taxi N\u00eemes"},"image":{"@id":"https:\/\/www.taxinimes.fr\/#\/schema\/logo\/image\/"}}]}},"_links":{"self":[{"href":"https:\/\/www.taxinimes.fr\/index.php\/wp-json\/wp\/v2\/pages\/318"}],"collection":[{"href":"https:\/\/www.taxinimes.fr\/index.php\/wp-json\/wp\/v2\/pages"}],"about":[{"href":"https:\/\/www.taxinimes.fr\/index.php\/wp-json\/wp\/v2\/types\/page"}],"author":[{"embeddable":true,"href":"https:\/\/www.taxinimes.fr\/index.php\/wp-json\/wp\/v2\/users\/2"}],"replies":[{"embeddable":true,"href":"https:\/\/www.taxinimes.fr\/index.php\/wp-json\/wp\/v2\/comments?post=318"}],"version-history":[{"count":6,"href":"https:\/\/www.taxinimes.fr\/index.php\/wp-json\/wp\/v2\/pages\/318\/revisions"}],"predecessor-version":[{"id":1385,"href":"https:\/\/www.taxinimes.fr\/index.php\/wp-json\/wp\/v2\/pages\/318\/revisions\/1385"}],"wp:attachment":[{"href":"https:\/\/www.taxinimes.fr\/index.php\/wp-json\/wp\/v2\/media?parent=318"}],"curies":[{"name":"wp","href":"https:\/\/api.w.org\/{rel}","templated":true}]}}