{"id":299,"date":"2021-08-25T12:32:52","date_gmt":"2021-08-25T10:32:52","guid":{"rendered":"http:\/\/fvdpswj.cluster031.hosting.ovh.net\/?page_id=299"},"modified":"2024-07-16T16:25:17","modified_gmt":"2024-07-16T14:25:17","slug":"transport-des-personnes","status":"publish","type":"page","link":"https:\/\/www.taxinimes.fr\/index.php\/transport-des-personnes\/","title":{"rendered":"Transport des personnes"},"content":{"rendered":"\t\t<div data-elementor-type=\"wp-page\" data-elementor-id=\"299\" class=\"elementor elementor-299\">\n\t\t\t\t\t\t<section class=\"elementor-section elementor-top-section elementor-element elementor-element-6aa261db elementor-section-boxed elementor-section-height-default elementor-section-height-default\" data-id=\"6aa261db\" data-element_type=\"section\" data-settings=\"{&quot;background_background&quot;:&quot;classic&quot;}\">\n\t\t\t\t\t\t\t<div class=\"elementor-background-overlay\"><\/div>\n\t\t\t\t\t\t\t<div class=\"elementor-container elementor-column-gap-default\">\n\t\t\t\t\t<div class=\"elementor-column elementor-col-100 elementor-top-column elementor-element elementor-element-6aca116e\" data-id=\"6aca116e\" data-element_type=\"column\">\n\t\t\t<div class=\"elementor-widget-wrap elementor-element-populated\">\n\t\t\t\t\t\t<div class=\"elementor-element elementor-element-ee429bb elementor-widget elementor-widget-spacer\" data-id=\"ee429bb\" data-element_type=\"widget\" data-widget_type=\"spacer.default\">\n\t\t\t\t<div class=\"elementor-widget-container\">\n\t\t\t<style>\/*! elementor - v3.23.0 - 15-07-2024 *\/\n.elementor-column .elementor-spacer-inner{height:var(--spacer-size)}.e-con{--container-widget-width:100%}.e-con-inner>.elementor-widget-spacer,.e-con>.elementor-widget-spacer{width:var(--container-widget-width,var(--spacer-size));--align-self:var(--container-widget-align-self,initial);--flex-shrink:0}.e-con-inner>.elementor-widget-spacer>.elementor-widget-container,.e-con>.elementor-widget-spacer>.elementor-widget-container{height:100%;width:100%}.e-con-inner>.elementor-widget-spacer>.elementor-widget-container>.elementor-spacer,.e-con>.elementor-widget-spacer>.elementor-widget-container>.elementor-spacer{height:100%}.e-con-inner>.elementor-widget-spacer>.elementor-widget-container>.elementor-spacer>.elementor-spacer-inner,.e-con>.elementor-widget-spacer>.elementor-widget-container>.elementor-spacer>.elementor-spacer-inner{height:var(--container-widget-height,var(--spacer-size))}.e-con-inner>.elementor-widget-spacer.elementor-widget-empty,.e-con>.elementor-widget-spacer.elementor-widget-empty{position:relative;min-height:22px;min-width:22px}.e-con-inner>.elementor-widget-spacer.elementor-widget-empty .elementor-widget-empty-icon,.e-con>.elementor-widget-spacer.elementor-widget-empty .elementor-widget-empty-icon{position:absolute;top:0;bottom:0;left:0;right:0;margin:auto;padding:0;width:22px;height:22px}<\/style>\t\t<div class=\"elementor-spacer\">\n\t\t\t<div class=\"elementor-spacer-inner\"><\/div>\n\t\t<\/div>\n\t\t\t\t<\/div>\n\t\t\t\t<\/div>\n\t\t\t\t\t<\/div>\n\t\t<\/div>\n\t\t\t\t\t<\/div>\n\t\t<\/section>\n\t\t\t\t<section class=\"elementor-section elementor-top-section elementor-element elementor-element-3868ca3a elementor-section-boxed elementor-section-height-default elementor-section-height-default\" data-id=\"3868ca3a\" data-element_type=\"section\" data-settings=\"{&quot;background_background&quot;:&quot;classic&quot;}\">\n\t\t\t\t\t\t\t<div class=\"elementor-background-overlay\"><\/div>\n\t\t\t\t\t\t\t<div class=\"elementor-container elementor-column-gap-default\">\n\t\t\t\t\t<div class=\"elementor-column elementor-col-100 elementor-top-column elementor-element elementor-element-66ea0b68\" data-id=\"66ea0b68\" data-element_type=\"column\">\n\t\t\t<div class=\"elementor-widget-wrap elementor-element-populated\">\n\t\t\t\t\t\t<div class=\"elementor-element elementor-element-65fa6f0f elementor-invisible elementor-widget elementor-widget-heading\" data-id=\"65fa6f0f\" data-element_type=\"widget\" data-settings=\"{&quot;_animation&quot;:&quot;fadeInUp&quot;,&quot;_animation_delay&quot;:200}\" data-widget_type=\"heading.default\">\n\t\t\t\t<div class=\"elementor-widget-container\">\n\t\t\t<style>\/*! elementor - v3.23.0 - 15-07-2024 *\/\n.elementor-heading-title{padding:0;margin:0;line-height:1}.elementor-widget-heading .elementor-heading-title[class*=elementor-size-]>a{color:inherit;font-size:inherit;line-height:inherit}.elementor-widget-heading .elementor-heading-title.elementor-size-small{font-size:15px}.elementor-widget-heading .elementor-heading-title.elementor-size-medium{font-size:19px}.elementor-widget-heading .elementor-heading-title.elementor-size-large{font-size:29px}.elementor-widget-heading .elementor-heading-title.elementor-size-xl{font-size:39px}.elementor-widget-heading .elementor-heading-title.elementor-size-xxl{font-size:59px}<\/style><h2 class=\"elementor-heading-title elementor-size-default\">Vos d\u00e9placements :<\/h2>\t\t<\/div>\n\t\t\t\t<\/div>\n\t\t\t\t<div class=\"elementor-element elementor-element-6460af07 elementor-invisible elementor-widget elementor-widget-text-editor\" data-id=\"6460af07\" data-element_type=\"widget\" data-settings=\"{&quot;_animation&quot;:&quot;fadeInUp&quot;,&quot;_animation_delay&quot;:400}\" data-widget_type=\"text-editor.default\">\n\t\t\t\t<div class=\"elementor-widget-container\">\n\t\t\t<style>\/*! elementor - v3.23.0 - 15-07-2024 *\/\n.elementor-widget-text-editor.elementor-drop-cap-view-stacked .elementor-drop-cap{background-color:#69727d;color:#fff}.elementor-widget-text-editor.elementor-drop-cap-view-framed .elementor-drop-cap{color:#69727d;border:3px solid;background-color:transparent}.elementor-widget-text-editor:not(.elementor-drop-cap-view-default) .elementor-drop-cap{margin-top:8px}.elementor-widget-text-editor:not(.elementor-drop-cap-view-default) .elementor-drop-cap-letter{width:1em;height:1em}.elementor-widget-text-editor .elementor-drop-cap{float:left;text-align:center;line-height:1;font-size:50px}.elementor-widget-text-editor .elementor-drop-cap-letter{display:inline-block}<\/style>\t\t\t\t<p>Que vous soyez utilisateurs occasionnels ou r\u00e9guliers, pour toutes distances et toutes destinations, Les Taxis TRAN mettent tout en oeuvre pour vous satisfaire.<br \/><br \/>\u2022 Berlines, Breaks, Monospaces 6 places,<br \/>\u2022 Possibilit\u00e9 de tracter une remorque, une caravane, un bateau, \u2026<br \/><br \/>Laissez-vous guider pour d\u00e9couvrir l&rsquo;ensemble des services qui vous sont propos\u00e9s.<br \/><br \/>\u2022 Correspondant des taxis G7.<br \/>\u2022 Partenariat avec plusieurs compagnies d\u2019assurances fran\u00e7aises et \u00e9trang\u00e8res.<\/p>\t\t\t\t\t\t<\/div>\n\t\t\t\t<\/div>\n\t\t\t\t\t<\/div>\n\t\t<\/div>\n\t\t\t\t\t<\/div>\n\t\t<\/section>\n\t\t\t\t<section class=\"elementor-section elementor-top-section elementor-element elementor-element-45ea1ea2 elementor-section-boxed elementor-section-height-default elementor-section-height-default\" data-id=\"45ea1ea2\" data-element_type=\"section\" data-settings=\"{&quot;background_background&quot;:&quot;classic&quot;}\">\n\t\t\t\t\t\t<div class=\"elementor-container elementor-column-gap-default\">\n\t\t\t\t\t<div class=\"elementor-column elementor-col-33 elementor-top-column elementor-element elementor-element-2cdd8284 elementor-invisible\" data-id=\"2cdd8284\" data-element_type=\"column\" data-settings=\"{&quot;animation&quot;:&quot;fadeIn&quot;}\">\n\t\t\t<div class=\"elementor-widget-wrap elementor-element-populated\">\n\t\t\t\t\t\t<div class=\"elementor-element elementor-element-32ec63b7 elementor-widget elementor-widget-elementskit-funfact\" data-id=\"32ec63b7\" data-element_type=\"widget\" data-widget_type=\"elementskit-funfact.default\">\n\t\t\t\t<div class=\"elementor-widget-container\">\n\t\t\t<div class=\"ekit-wid-con\" >\n\t\t<div class=\"elementskit-funfact text-center     \">\n\t\t\t\n\t\t\t<div class=\"elementskit-funfact-inner position_top\">\n\t\t\t\t\t\t\t\t\t<div class=\"funfact-icon\"> \t\t\t\t\t\t\t<i ><\/i>\n\n\t\t\t\t\t\t\t<i aria-hidden=\"true\" class=\"elementskit-funfact-icon icon icon-apartment1\"><\/i>\n\t\t\t\t\t<\/div>\n\t\t\t\t\t\t\t\t\n\t\t\t\t<div class=\"funfact-content\">\n\t\t\t\t\t<div class=\"number-percentage-wraper\">\n\t\t\t\t\t\t+\t\t\t\t\t\t<span class=\"number-percentage\"\n\t\t\t\t\t\t      data-value=\"50\"\n\t\t\t\t\t\t      data-animation-duration=\"3500\"\n\t\t\t\t\t\t\t  data-style=\"static\">0<\/span>\n\t\t\t\t\t\t\t\t\t\t\t\t\t\t\t\t\t\t\t<span class=\"super\"><\/span>\n\t\t\t\t\t\t\t\t\t\t\t<\/div>\n\n\t\t\t\t\t<h3 class=\"funfact-title\">Ann\u00e9es d&#039;Exp\u00e9rience<\/h3>\t\t\t\t\t\t\t\t<\/div>\n\t\t<\/div>\n\t\t<\/div>\n\n\n\t\t<\/div>\t\t<\/div>\n\t\t\t\t<\/div>\n\t\t\t\t\t<\/div>\n\t\t<\/div>\n\t\t\t\t<div class=\"elementor-column elementor-col-33 elementor-top-column elementor-element elementor-element-5dff130d elementor-invisible\" data-id=\"5dff130d\" data-element_type=\"column\" data-settings=\"{&quot;animation&quot;:&quot;fadeIn&quot;,&quot;animation_delay&quot;:200}\">\n\t\t\t<div class=\"elementor-widget-wrap elementor-element-populated\">\n\t\t\t\t\t\t<div class=\"elementor-element elementor-element-6da99df6 elementor-widget elementor-widget-elementskit-funfact\" data-id=\"6da99df6\" data-element_type=\"widget\" data-widget_type=\"elementskit-funfact.default\">\n\t\t\t\t<div class=\"elementor-widget-container\">\n\t\t\t<div class=\"ekit-wid-con\" >\n\t\t<div class=\"elementskit-funfact text-center     \">\n\t\t\t\n\t\t\t<div class=\"elementskit-funfact-inner position_top\">\n\t\t\t\t\t\t\t\t\t<div class=\"funfact-icon\"> \t\t\t\t\t\t\t<i ><\/i>\n\n\t\t\t\t\t\t\t<i aria-hidden=\"true\" class=\"elementskit-funfact-icon icon icon-smile\"><\/i>\n\t\t\t\t\t<\/div>\n\t\t\t\t\t\t\t\t\n\t\t\t\t<div class=\"funfact-content\">\n\t\t\t\t\t<div class=\"number-percentage-wraper\">\n\t\t\t\t\t\t+\t\t\t\t\t\t<span class=\"number-percentage\"\n\t\t\t\t\t\t      data-value=\"1000\"\n\t\t\t\t\t\t      data-animation-duration=\"3500\"\n\t\t\t\t\t\t\t  data-style=\"static\">0<\/span>\n\t\t\t\t\t\t\t\t\t\t\t\t\t\t\t\t\t\t\t<span class=\"super\"><\/span>\n\t\t\t\t\t\t\t\t\t\t\t<\/div>\n\n\t\t\t\t\t<h3 class=\"funfact-title\">Clients satisfaits<\/h3>\t\t\t\t\t\t\t\t<\/div>\n\t\t<\/div>\n\t\t<\/div>\n\n\n\t\t<\/div>\t\t<\/div>\n\t\t\t\t<\/div>\n\t\t\t\t\t<\/div>\n\t\t<\/div>\n\t\t\t\t<div class=\"elementor-column elementor-col-33 elementor-top-column elementor-element elementor-element-576191e3 elementor-invisible\" data-id=\"576191e3\" data-element_type=\"column\" data-settings=\"{&quot;animation&quot;:&quot;fadeIn&quot;,&quot;animation_delay&quot;:400}\">\n\t\t\t<div class=\"elementor-widget-wrap elementor-element-populated\">\n\t\t\t\t\t\t<div class=\"elementor-element elementor-element-4c64ff43 elementor-widget elementor-widget-elementskit-funfact\" data-id=\"4c64ff43\" data-element_type=\"widget\" data-widget_type=\"elementskit-funfact.default\">\n\t\t\t\t<div class=\"elementor-widget-container\">\n\t\t\t<div class=\"ekit-wid-con\" >\n\t\t<div class=\"elementskit-funfact text-center     \">\n\t\t\t\n\t\t\t<div class=\"elementskit-funfact-inner position_top\">\n\t\t\t\t\t\t\t\t\t<div class=\"funfact-icon\"> \t\t\t\t\t\t\t<i ><\/i>\n\n\t\t\t\t\t\t\t<i aria-hidden=\"true\" class=\"elementskit-funfact-icon icon icon-car-1\"><\/i>\n\t\t\t\t\t<\/div>\n\t\t\t\t\t\t\t\t\n\t\t\t\t<div class=\"funfact-content\">\n\t\t\t\t\t<div class=\"number-percentage-wraper\">\n\t\t\t\t\t\t+\t\t\t\t\t\t<span class=\"number-percentage\"\n\t\t\t\t\t\t      data-value=\"40\"\n\t\t\t\t\t\t      data-animation-duration=\"3500\"\n\t\t\t\t\t\t\t  data-style=\"static\">0<\/span>\n\t\t\t\t\t\t\t\t\t\t\t\t\t\t\t\t\t\t\t<span class=\"super\"><\/span>\n\t\t\t\t\t\t\t\t\t\t\t<\/div>\n\n\t\t\t\t\t<h3 class=\"funfact-title\">V\u00e9hicules<\/h3>\t\t\t\t\t\t\t\t<\/div>\n\t\t<\/div>\n\t\t<\/div>\n\n\n\t\t<\/div>\t\t<\/div>\n\t\t\t\t<\/div>\n\t\t\t\t\t<\/div>\n\t\t<\/div>\n\t\t\t\t\t<\/div>\n\t\t<\/section>\n\t\t\t\t<\/div>\n\t\t","protected":false},"excerpt":{"rendered":"<p>Vos d\u00e9placements : Que vous soyez utilisateurs occasionnels ou r\u00e9guliers, pour toutes distances et toutes destinations, Les Taxis TRAN mettent tout en oeuvre pour vous satisfaire. \u2022 Berlines, Breaks, Monospaces 6 places,\u2022 Possibilit\u00e9 de tracter une remorque, une caravane, un bateau, \u2026 Laissez-vous guider pour d\u00e9couvrir l&rsquo;ensemble des services qui vous sont propos\u00e9s. \u2022 Correspondant [&hellip;]<\/p>\n","protected":false},"author":2,"featured_media":0,"parent":0,"menu_order":0,"comment_status":"closed","ping_status":"closed","template":"elementor_header_footer","meta":{"footnotes":""},"yoast_head":"<!-- This site is optimized with the Yoast SEO plugin v23.0 - https:\/\/yoast.com\/wordpress\/plugins\/seo\/ -->\n<title>Transport des personnes - Taxi N\u00eemes<\/title>\n<meta name=\"description\" content=\"Taxi N\u00eemes Artisan N\u00eemois Transport vous accompagne dans votre d\u00e9placement entre 1 \u00e0 6 personnes sur la commune de N\u00eemes.\" \/>\n<meta name=\"robots\" content=\"index, follow, max-snippet:-1, max-image-preview:large, max-video-preview:-1\" \/>\n<link rel=\"canonical\" href=\"https:\/\/www.taxinimes.fr\/index.php\/transport-des-personnes\/\" \/>\n<meta property=\"og:locale\" content=\"fr_FR\" \/>\n<meta property=\"og:type\" content=\"article\" \/>\n<meta property=\"og:title\" content=\"Transport des personnes - Taxi N\u00eemes\" \/>\n<meta property=\"og:description\" content=\"Taxi N\u00eemes Artisan N\u00eemois Transport vous accompagne dans votre d\u00e9placement entre 1 \u00e0 6 personnes sur la commune de N\u00eemes.\" \/>\n<meta property=\"og:url\" content=\"https:\/\/www.taxinimes.fr\/index.php\/transport-des-personnes\/\" \/>\n<meta property=\"og:site_name\" content=\"Taxi N\u00eemes\" \/>\n<meta property=\"article:modified_time\" content=\"2024-07-16T14:25:17+00:00\" \/>\n<script type=\"application\/ld+json\" class=\"yoast-schema-graph\">{\"@context\":\"https:\/\/schema.org\",\"@graph\":[{\"@type\":\"WebPage\",\"@id\":\"https:\/\/www.taxinimes.fr\/index.php\/transport-des-personnes\/\",\"url\":\"https:\/\/www.taxinimes.fr\/index.php\/transport-des-personnes\/\",\"name\":\"Transport des personnes - Taxi N\u00eemes\",\"isPartOf\":{\"@id\":\"https:\/\/www.taxinimes.fr\/#website\"},\"datePublished\":\"2021-08-25T10:32:52+00:00\",\"dateModified\":\"2024-07-16T14:25:17+00:00\",\"description\":\"Taxi N\u00eemes Artisan N\u00eemois Transport vous accompagne dans votre d\u00e9placement entre 1 \u00e0 6 personnes sur la commune de N\u00eemes.\",\"breadcrumb\":{\"@id\":\"https:\/\/www.taxinimes.fr\/index.php\/transport-des-personnes\/#breadcrumb\"},\"inLanguage\":\"fr-FR\",\"potentialAction\":[{\"@type\":\"ReadAction\",\"target\":[\"https:\/\/www.taxinimes.fr\/index.php\/transport-des-personnes\/\"]}]},{\"@type\":\"BreadcrumbList\",\"@id\":\"https:\/\/www.taxinimes.fr\/index.php\/transport-des-personnes\/#breadcrumb\",\"itemListElement\":[{\"@type\":\"ListItem\",\"position\":1,\"name\":\"Accueil\",\"item\":\"https:\/\/www.taxinimes.fr\/\"},{\"@type\":\"ListItem\",\"position\":2,\"name\":\"Transport des personnes\"}]},{\"@type\":\"WebSite\",\"@id\":\"https:\/\/www.taxinimes.fr\/#website\",\"url\":\"https:\/\/www.taxinimes.fr\/\",\"name\":\"Taxi N\u00eemes\",\"description\":\"Taxi Radio Artisans N\u00eemois\",\"publisher\":{\"@id\":\"https:\/\/www.taxinimes.fr\/#organization\"},\"potentialAction\":[{\"@type\":\"SearchAction\",\"target\":{\"@type\":\"EntryPoint\",\"urlTemplate\":\"https:\/\/www.taxinimes.fr\/?s={search_term_string}\"},\"query-input\":\"required name=search_term_string\"}],\"inLanguage\":\"fr-FR\"},{\"@type\":\"Organization\",\"@id\":\"https:\/\/www.taxinimes.fr\/#organization\",\"name\":\"Taxi N\u00eemes\",\"url\":\"https:\/\/www.taxinimes.fr\/\",\"logo\":{\"@type\":\"ImageObject\",\"inLanguage\":\"fr-FR\",\"@id\":\"https:\/\/www.taxinimes.fr\/#\/schema\/logo\/image\/\",\"url\":\"https:\/\/www.taxinimes.fr\/wp-content\/uploads\/2021\/11\/cropped-Logo-Taxi-Ni\u0302mes-blancfez.png\",\"contentUrl\":\"https:\/\/www.taxinimes.fr\/wp-content\/uploads\/2021\/11\/cropped-Logo-Taxi-Ni\u0302mes-blancfez.png\",\"width\":866,\"height\":200,\"caption\":\"Taxi N\u00eemes\"},\"image\":{\"@id\":\"https:\/\/www.taxinimes.fr\/#\/schema\/logo\/image\/\"}}]}<\/script>\n<!-- \/ Yoast SEO plugin. -->","yoast_head_json":{"title":"Transport des personnes - Taxi N\u00eemes","description":"Taxi N\u00eemes Artisan N\u00eemois Transport vous accompagne dans votre d\u00e9placement entre 1 \u00e0 6 personnes sur la commune de N\u00eemes.","robots":{"index":"index","follow":"follow","max-snippet":"max-snippet:-1","max-image-preview":"max-image-preview:large","max-video-preview":"max-video-preview:-1"},"canonical":"https:\/\/www.taxinimes.fr\/index.php\/transport-des-personnes\/","og_locale":"fr_FR","og_type":"article","og_title":"Transport des personnes - Taxi N\u00eemes","og_description":"Taxi N\u00eemes Artisan N\u00eemois Transport vous accompagne dans votre d\u00e9placement entre 1 \u00e0 6 personnes sur la commune de N\u00eemes.","og_url":"https:\/\/www.taxinimes.fr\/index.php\/transport-des-personnes\/","og_site_name":"Taxi N\u00eemes","article_modified_time":"2024-07-16T14:25:17+00:00","schema":{"@context":"https:\/\/schema.org","@graph":[{"@type":"WebPage","@id":"https:\/\/www.taxinimes.fr\/index.php\/transport-des-personnes\/","url":"https:\/\/www.taxinimes.fr\/index.php\/transport-des-personnes\/","name":"Transport des personnes - Taxi N\u00eemes","isPartOf":{"@id":"https:\/\/www.taxinimes.fr\/#website"},"datePublished":"2021-08-25T10:32:52+00:00","dateModified":"2024-07-16T14:25:17+00:00","description":"Taxi N\u00eemes Artisan N\u00eemois Transport vous accompagne dans votre d\u00e9placement entre 1 \u00e0 6 personnes sur la commune de N\u00eemes.","breadcrumb":{"@id":"https:\/\/www.taxinimes.fr\/index.php\/transport-des-personnes\/#breadcrumb"},"inLanguage":"fr-FR","potentialAction":[{"@type":"ReadAction","target":["https:\/\/www.taxinimes.fr\/index.php\/transport-des-personnes\/"]}]},{"@type":"BreadcrumbList","@id":"https:\/\/www.taxinimes.fr\/index.php\/transport-des-personnes\/#breadcrumb","itemListElement":[{"@type":"ListItem","position":1,"name":"Accueil","item":"https:\/\/www.taxinimes.fr\/"},{"@type":"ListItem","position":2,"name":"Transport des personnes"}]},{"@type":"WebSite","@id":"https:\/\/www.taxinimes.fr\/#website","url":"https:\/\/www.taxinimes.fr\/","name":"Taxi N\u00eemes","description":"Taxi Radio Artisans N\u00eemois","publisher":{"@id":"https:\/\/www.taxinimes.fr\/#organization"},"potentialAction":[{"@type":"SearchAction","target":{"@type":"EntryPoint","urlTemplate":"https:\/\/www.taxinimes.fr\/?s={search_term_string}"},"query-input":"required name=search_term_string"}],"inLanguage":"fr-FR"},{"@type":"Organization","@id":"https:\/\/www.taxinimes.fr\/#organization","name":"Taxi N\u00eemes","url":"https:\/\/www.taxinimes.fr\/","logo":{"@type":"ImageObject","inLanguage":"fr-FR","@id":"https:\/\/www.taxinimes.fr\/#\/schema\/logo\/image\/","url":"https:\/\/www.taxinimes.fr\/wp-content\/uploads\/2021\/11\/cropped-Logo-Taxi-Ni\u0302mes-blancfez.png","contentUrl":"https:\/\/www.taxinimes.fr\/wp-content\/uploads\/2021\/11\/cropped-Logo-Taxi-Ni\u0302mes-blancfez.png","width":866,"height":200,"caption":"Taxi N\u00eemes"},"image":{"@id":"https:\/\/www.taxinimes.fr\/#\/schema\/logo\/image\/"}}]}},"_links":{"self":[{"href":"https:\/\/www.taxinimes.fr\/index.php\/wp-json\/wp\/v2\/pages\/299"}],"collection":[{"href":"https:\/\/www.taxinimes.fr\/index.php\/wp-json\/wp\/v2\/pages"}],"about":[{"href":"https:\/\/www.taxinimes.fr\/index.php\/wp-json\/wp\/v2\/types\/page"}],"author":[{"embeddable":true,"href":"https:\/\/www.taxinimes.fr\/index.php\/wp-json\/wp\/v2\/users\/2"}],"replies":[{"embeddable":true,"href":"https:\/\/www.taxinimes.fr\/index.php\/wp-json\/wp\/v2\/comments?post=299"}],"version-history":[{"count":12,"href":"https:\/\/www.taxinimes.fr\/index.php\/wp-json\/wp\/v2\/pages\/299\/revisions"}],"predecessor-version":[{"id":1391,"href":"https:\/\/www.taxinimes.fr\/index.php\/wp-json\/wp\/v2\/pages\/299\/revisions\/1391"}],"wp:attachment":[{"href":"https:\/\/www.taxinimes.fr\/index.php\/wp-json\/wp\/v2\/media?parent=299"}],"curies":[{"name":"wp","href":"https:\/\/api.w.org\/{rel}","templated":true}]}}